{"id":10949,"date":"2020-06-23T11:58:21","date_gmt":"2020-06-23T09:58:21","guid":{"rendered":"https:\/\/przysiegly-tlumacz.pl\/?page_id=10949"},"modified":"2022-03-29T23:48:54","modified_gmt":"2022-03-29T21:48:54","slug":"about-us","status":"publish","type":"page","link":"https:\/\/przysiegly-tlumacz.pl\/en\/about-us\/","title":{"rendered":"About us"},"content":{"rendered":"<div class=\"two_third\">\n<p>Established in 2006 by Adam Maciejewski, sworn translator of the English language, our translation agency provides high quality services for both corporate and individual clients. Our offices are located conveniently in the central part of Warsaw near the historic Old Town.<\/p>\n<p><a href=\"https:\/\/przysiegly-tlumacz.pl\/klienci\/\"><b>Click here to view a list of some of our clients<\/b><\/a><\/p>\n<ul>\n<li><span class=\"punkt\">High quality \u00a0\u2013 high quality of a translation is at the core of everything that we do. We only work with experienced sworn translators.<\/span><\/li>\n<li><span class=\"punkt\">Confidentiality \u2013 security of our Clients\u2019 data is our top priority. We treat all information provided to us as strictly confidential.<\/span><\/li>\n<li><span class=\"punkt\">Professionalism \u2013 we are reliable and trustworthy. We always put every effort to meet the expectations of our Clients.<\/span><\/li>\n<\/ul>\n<\/div>\n<div class=\"one_third last\">\n<span class=\"responsive\"><img style=\"width: 100%; height: auto;\" src=\"https:\/\/przysiegly-tlumacz.pl\/wp-content\/uploads\/2020\/10\/istockphoto-535041367-1024x1024.jpg\" alt=\"T\u0142umaczenia przysi\u0119g\u0142e\" \/><\/span>\n<\/div>\n<div class=\"clear\"><\/div>\n","protected":false},"excerpt":{"rendered":"<p>Established in 2006 by Adam Maciejewski, sworn translator of the English language, our translation agency provides high quality services for both corporate and individual clients. Our offices are located conveniently\u2026 <a href=\"https:\/\/przysiegly-tlumacz.pl\/en\/about-us\/\" class=\"read-more-link\">read more &rarr;<\/a><\/p>\n","protected":false},"author":2,"featured_media":0,"parent":0,"menu_order":0,"comment_status":"closed","ping_status":"closed","template":"page-fullwidth.php","meta":[],"_links":{"self":[{"href":"https:\/\/przysiegly-tlumacz.pl\/en\/wp-json\/wp\/v2\/pages\/10949"}],"collection":[{"href":"https:\/\/przysiegly-tlumacz.pl\/en\/wp-json\/wp\/v2\/pages"}],"about":[{"href":"https:\/\/przysiegly-tlumacz.pl\/en\/wp-json\/wp\/v2\/types\/page"}],"author":[{"embeddable":true,"href":"https:\/\/przysiegly-tlumacz.pl\/en\/wp-json\/wp\/v2\/users\/2"}],"replies":[{"embeddable":true,"href":"https:\/\/przysiegly-tlumacz.pl\/en\/wp-json\/wp\/v2\/comments?post=10949"}],"version-history":[{"count":4,"href":"https:\/\/przysiegly-tlumacz.pl\/en\/wp-json\/wp\/v2\/pages\/10949\/revisions"}],"predecessor-version":[{"id":155924,"href":"https:\/\/przysiegly-tlumacz.pl\/en\/wp-json\/wp\/v2\/pages\/10949\/revisions\/155924"}],"wp:attachment":[{"href":"https:\/\/przysiegly-tlumacz.pl\/en\/wp-json\/wp\/v2\/media?parent=10949"}],"curies":[{"name":"wp","href":"https:\/\/api.w.org\/{rel}","templated":true}]}}