{"id":12212,"date":"2020-06-23T12:20:15","date_gmt":"2020-06-23T10:20:15","guid":{"rendered":"https:\/\/przysiegly-tlumacz.pl\/?page_id=12212"},"modified":"2022-03-29T23:47:38","modified_gmt":"2022-03-29T21:47:38","slug":"price-list","status":"publish","type":"page","link":"https:\/\/przysiegly-tlumacz.pl\/en\/price-list\/","title":{"rendered":"Price list"},"content":{"rendered":"<div class=\"two_third\">\n<p><strong>Translation services<\/strong><\/p>\n<div class=\"custom-table-1\">\n<table width=\"100%\">\n<tbody>\n<tr>\n<td style=\"text-align: center;\"><\/td>\n<td style=\"text-align: center;\" width=\"30%\">Sworn translation<\/td>\n<td style=\"text-align: center;\" width=\"30%\">Translation<\/td>\n<\/tr>\n<tr>\n<td style=\"text-align: center;\">English into Polish<\/td>\n<td style=\"text-align: center;\"><strong>39 z\u0142<\/strong><\/td>\n<td style=\"text-align: center;\"><strong>39 z\u0142<\/strong><\/td>\n<\/tr>\n<tr>\n<td style=\"text-align: center;\">Polish into English<\/td>\n<td style=\"text-align: center;\"><strong>39 z\u0142<\/strong><\/td>\n<td style=\"text-align: center;\"><strong>39 z\u0142<\/strong><\/td>\n<\/tr>\n<\/tbody>\n<\/table>\n<\/div>\n<p><strong>Interpreting services<\/strong><br \/>\nHourly rates start at 140 z\u0142 + VAT.<br \/>\nTo get an instant quote, please call us at +48\u00a0603\u00a0794\u00a0324 or email us at office@translationservices.pl<\/p>\n<p>The above prices are exclusive of VAT (23%).<br \/>\nFor urgent translations, applicable rates are determined individually for each assignment.<\/p>\n<\/div>\n<div class=\"one_third last\">\n<span class=\"responsive\"><img style=\"width: 100%; height: auto;\" src=\"https:\/\/przysiegly-tlumacz.pl\/wp-content\/uploads\/2020\/10\/istockphoto-1155347271-1024x1024.jpg\" alt=\"T\u0142umaczenia przysi\u0119g\u0142e\" \/><\/span>\n<\/div>\n<div class=\"clear\"><\/div>\n","protected":false},"excerpt":{"rendered":"<p>Translation services Sworn translation Translation English into Polish 39 z\u0142 39 z\u0142 Polish into English 39 z\u0142 39 z\u0142 Interpreting services Hourly rates start at 140 z\u0142 + VAT. To\u2026 <a href=\"https:\/\/przysiegly-tlumacz.pl\/en\/price-list\/\" class=\"read-more-link\">read more &rarr;<\/a><\/p>\n","protected":false},"author":2,"featured_media":0,"parent":0,"menu_order":0,"comment_status":"closed","ping_status":"closed","template":"page-fullwidth.php","meta":[],"_links":{"self":[{"href":"https:\/\/przysiegly-tlumacz.pl\/en\/wp-json\/wp\/v2\/pages\/12212"}],"collection":[{"href":"https:\/\/przysiegly-tlumacz.pl\/en\/wp-json\/wp\/v2\/pages"}],"about":[{"href":"https:\/\/przysiegly-tlumacz.pl\/en\/wp-json\/wp\/v2\/types\/page"}],"author":[{"embeddable":true,"href":"https:\/\/przysiegly-tlumacz.pl\/en\/wp-json\/wp\/v2\/users\/2"}],"replies":[{"embeddable":true,"href":"https:\/\/przysiegly-tlumacz.pl\/en\/wp-json\/wp\/v2\/comments?post=12212"}],"version-history":[{"count":3,"href":"https:\/\/przysiegly-tlumacz.pl\/en\/wp-json\/wp\/v2\/pages\/12212\/revisions"}],"predecessor-version":[{"id":155416,"href":"https:\/\/przysiegly-tlumacz.pl\/en\/wp-json\/wp\/v2\/pages\/12212\/revisions\/155416"}],"wp:attachment":[{"href":"https:\/\/przysiegly-tlumacz.pl\/en\/wp-json\/wp\/v2\/media?parent=12212"}],"curies":[{"name":"wp","href":"https:\/\/api.w.org\/{rel}","templated":true}]}}